{"id":23611,"date":"2025-08-11T23:37:13","date_gmt":"2025-08-11T20:37:13","guid":{"rendered":"https:\/\/sloop.ro\/produs\/citrus-kick-revigorare-imunitate\/"},"modified":"2025-10-09T13:39:05","modified_gmt":"2025-10-09T10:39:05","slug":"citrus-kick-revigorare-imunitate","status":"publish","type":"product","link":"https:\/\/sloop.ro\/en\/produs\/citrus-kick-revigorare-imunitate\/","title":{"rendered":"Citrus Kick"},"content":{"rendered":"<p><strong>Citrus Kick <\/strong>\u2013 juice tropical pentru revigorare \u0219i imunitate<\/p>\n<p><strong>Citrus Kick<\/strong> este pachetul de juice-uri family size, creat pentru a oferi un boost rapid de energie \u0219i pentru a sprijini imunitatea natural\u0103 a \u00eentregii familii. Con\u021bine dou\u0103 combina\u021bii savuroase \u0219i func\u021bionale:<\/p>\n<p><strong>Ghimberetta <\/strong>\u2013 juice energizant din m\u0103r, ananas \u0219i ghimbir, cu efect revigorant \u0219i arom\u0103 u\u0219or \u00een\u021bep\u0103toare<\/p>\n<p><strong>Portacus<\/strong> \u2013 mix tropical cu mango, portocal\u0103 \u0219i m\u0103r, bogat \u00een vitamina C \u0219i antioxidan\u021bi pentru sus\u021binerea sistemului imunitar<\/p>\n<p>Fiecare b\u0103utur\u0103 este presat\u0103 la rece, 100% natural\u0103, f\u0103r\u0103 zah\u0103r ad\u0103ugat \u0219i f\u0103r\u0103 conservan\u021bi, p\u0103str\u00e2nd gustul autentic al fructelor \u0219i o textur\u0103 proasp\u0103t\u0103 \u0219i u\u0219oar\u0103. Citrus Kick \u00eembin\u0103 prospe\u021bimea citricelor cu dulcea\u021ba tropical\u0103, oferind un refresh natural perfect pentru orice moment al zilei.<\/p>\n<p>\ud83c\udf4a Beneficii cheie:<\/p>\n<p>Boost rapid de energie din ghimbir<\/p>\n<p>Sus\u021binerea imunit\u0103\u021bii prin vitamina C<\/p>\n<p>Gust intens \u0219i revigorant din fructe proaspete<\/p>\n<p>Por\u021bii generoase, ideale pentru \u00eentreaga familie<\/p>\n<p><strong>Descoper\u0103 Citrus Kick <\/strong>\u2013 explozia tropical-citric\u0103 ce \u00ee\u021bi aduce energie \u0219i prospe\u021bime \u00een fiecare pahar.<\/p>\n","protected":false},"excerpt":{"rendered":"<p>Citrus Kick \u2013 ghimbir pentru boost rapid, portocala si mango pentru imunitate si gust intens. Revigorare naturala pentru intreaga familie.<\/p>\n<p>Acest pachet contine: 3 x Portacus Family 750ml  , 3 x Ghimberetta Family 750ml<\/p>\n","protected":false},"featured_media":23552,"template":"","meta":{"_acf_changed":false},"product_brand":[],"product_cat":[742,721],"product_tag":[697],"ingredients":[],"class_list":{"0":"post-23611","1":"product","2":"type-product","3":"status-publish","4":"has-post-thumbnail","6":"product_cat-family-size-en","7":"product_cat-100-juice-packages","8":"product_tag-mixes","10":"first","11":"instock","12":"sale","13":"shipping-taxable","14":"purchasable","15":"product-type-simple"},"acf":[],"yoast_head":"<!-- This site is optimized with the Yoast SEO plugin v27.4 - https:\/\/yoast.com\/product\/yoast-seo-wordpress\/ -->\n<title>Citrus Kick - SLooP<\/title>\n<meta name=\"robots\" content=\"index, follow, max-snippet:-1, max-image-preview:large, max-video-preview:-1\" \/>\n<link rel=\"canonical\" href=\"https:\/\/sloop.ro\/en\/produs\/citrus-kick-revigorare-imunitate\/\" \/>\n<meta property=\"og:locale\" content=\"en_US\" \/>\n<meta property=\"og:type\" content=\"article\" \/>\n<meta property=\"og:title\" content=\"Citrus Kick - SLooP\" \/>\n<meta property=\"og:description\" content=\"Citrus Kick \u2013 ghimbir pentru boost rapid, portocala si mango pentru imunitate si gust intens. Revigorare naturala pentru intreaga familie.  Acest pachet contine: 3 x Portacus Family 750ml , 3 x Ghimberetta Family 750ml\" \/>\n<meta property=\"og:url\" content=\"https:\/\/sloop.ro\/en\/produs\/citrus-kick-revigorare-imunitate\/\" \/>\n<meta property=\"og:site_name\" content=\"SLooP\" \/>\n<meta property=\"article:modified_time\" content=\"2025-10-09T10:39:05+00:00\" \/>\n<meta property=\"og:image\" content=\"https:\/\/sloop.ro\/wp-content\/uploads\/2025\/08\/pachet-3-Ghimbereta-3-Portacus-Pack.webp\" \/>\n\t<meta property=\"og:image:width\" content=\"801\" \/>\n\t<meta property=\"og:image:height\" content=\"721\" \/>\n\t<meta property=\"og:image:type\" content=\"image\/webp\" \/>\n<meta name=\"twitter:card\" content=\"summary_large_image\" \/>\n<meta name=\"twitter:label1\" content=\"Est. reading time\" \/>\n\t<meta name=\"twitter:data1\" content=\"2 minutes\" \/>\n<script type=\"application\/ld+json\" class=\"yoast-schema-graph\">{\"@context\":\"https:\\\/\\\/schema.org\",\"@graph\":[{\"@type\":\"WebPage\",\"@id\":\"https:\\\/\\\/sloop.ro\\\/en\\\/produs\\\/citrus-kick-revigorare-imunitate\\\/\",\"url\":\"https:\\\/\\\/sloop.ro\\\/en\\\/produs\\\/citrus-kick-revigorare-imunitate\\\/\",\"name\":\"Citrus Kick - SLooP\",\"isPartOf\":{\"@id\":\"https:\\\/\\\/sloop.ro\\\/#website\"},\"primaryImageOfPage\":{\"@id\":\"https:\\\/\\\/sloop.ro\\\/en\\\/produs\\\/citrus-kick-revigorare-imunitate\\\/#primaryimage\"},\"image\":{\"@id\":\"https:\\\/\\\/sloop.ro\\\/en\\\/produs\\\/citrus-kick-revigorare-imunitate\\\/#primaryimage\"},\"thumbnailUrl\":\"https:\\\/\\\/sloop.ro\\\/wp-content\\\/uploads\\\/2025\\\/08\\\/pachet-3-Ghimbereta-3-Portacus-Pack.webp\",\"datePublished\":\"2025-08-11T20:37:13+00:00\",\"dateModified\":\"2025-10-09T10:39:05+00:00\",\"breadcrumb\":{\"@id\":\"https:\\\/\\\/sloop.ro\\\/en\\\/produs\\\/citrus-kick-revigorare-imunitate\\\/#breadcrumb\"},\"inLanguage\":\"en-US\",\"potentialAction\":[{\"@type\":\"ReadAction\",\"target\":[\"https:\\\/\\\/sloop.ro\\\/en\\\/produs\\\/citrus-kick-revigorare-imunitate\\\/\"]}]},{\"@type\":\"ImageObject\",\"inLanguage\":\"en-US\",\"@id\":\"https:\\\/\\\/sloop.ro\\\/en\\\/produs\\\/citrus-kick-revigorare-imunitate\\\/#primaryimage\",\"url\":\"https:\\\/\\\/sloop.ro\\\/wp-content\\\/uploads\\\/2025\\\/08\\\/pachet-3-Ghimbereta-3-Portacus-Pack.webp\",\"contentUrl\":\"https:\\\/\\\/sloop.ro\\\/wp-content\\\/uploads\\\/2025\\\/08\\\/pachet-3-Ghimbereta-3-Portacus-Pack.webp\",\"width\":801,\"height\":721},{\"@type\":\"BreadcrumbList\",\"@id\":\"https:\\\/\\\/sloop.ro\\\/en\\\/produs\\\/citrus-kick-revigorare-imunitate\\\/#breadcrumb\",\"itemListElement\":[{\"@type\":\"ListItem\",\"position\":1,\"name\":\"Home\",\"item\":\"https:\\\/\\\/sloop.ro\\\/lets-power-play-teaser\\\/\"},{\"@type\":\"ListItem\",\"position\":2,\"name\":\"Shop\",\"item\":\"https:\\\/\\\/sloop.ro\\\/shop\\\/\"},{\"@type\":\"ListItem\",\"position\":3,\"name\":\"Citrus Kick\"}]},{\"@type\":\"WebSite\",\"@id\":\"https:\\\/\\\/sloop.ro\\\/#website\",\"url\":\"https:\\\/\\\/sloop.ro\\\/\",\"name\":\"SLooP\",\"description\":\"Sloop your style\",\"publisher\":{\"@id\":\"https:\\\/\\\/sloop.ro\\\/#organization\"},\"potentialAction\":[{\"@type\":\"SearchAction\",\"target\":{\"@type\":\"EntryPoint\",\"urlTemplate\":\"https:\\\/\\\/sloop.ro\\\/?s={search_term_string}\"},\"query-input\":{\"@type\":\"PropertyValueSpecification\",\"valueRequired\":true,\"valueName\":\"search_term_string\"}}],\"inLanguage\":\"en-US\"},{\"@type\":\"Organization\",\"@id\":\"https:\\\/\\\/sloop.ro\\\/#organization\",\"name\":\"SLooP\",\"url\":\"https:\\\/\\\/sloop.ro\\\/\",\"logo\":{\"@type\":\"ImageObject\",\"inLanguage\":\"en-US\",\"@id\":\"https:\\\/\\\/sloop.ro\\\/#\\\/schema\\\/logo\\\/image\\\/\",\"url\":\"https:\\\/\\\/sloop.ro\\\/wp-content\\\/uploads\\\/2025\\\/05\\\/SLooP-Negru.png\",\"contentUrl\":\"https:\\\/\\\/sloop.ro\\\/wp-content\\\/uploads\\\/2025\\\/05\\\/SLooP-Negru.png\",\"width\":1132,\"height\":346,\"caption\":\"SLooP\"},\"image\":{\"@id\":\"https:\\\/\\\/sloop.ro\\\/#\\\/schema\\\/logo\\\/image\\\/\"}}]}<\/script>\n<!-- \/ Yoast SEO plugin. -->","yoast_head_json":{"title":"Citrus Kick - SLooP","robots":{"index":"index","follow":"follow","max-snippet":"max-snippet:-1","max-image-preview":"max-image-preview:large","max-video-preview":"max-video-preview:-1"},"canonical":"https:\/\/sloop.ro\/en\/produs\/citrus-kick-revigorare-imunitate\/","og_locale":"en_US","og_type":"article","og_title":"Citrus Kick - SLooP","og_description":"Citrus Kick \u2013 ghimbir pentru boost rapid, portocala si mango pentru imunitate si gust intens. Revigorare naturala pentru intreaga familie.  Acest pachet contine: 3 x Portacus Family 750ml , 3 x Ghimberetta Family 750ml","og_url":"https:\/\/sloop.ro\/en\/produs\/citrus-kick-revigorare-imunitate\/","og_site_name":"SLooP","article_modified_time":"2025-10-09T10:39:05+00:00","og_image":[{"width":801,"height":721,"url":"https:\/\/sloop.ro\/wp-content\/uploads\/2025\/08\/pachet-3-Ghimbereta-3-Portacus-Pack.webp","type":"image\/webp"}],"twitter_card":"summary_large_image","twitter_misc":{"Est. reading time":"2 minutes"},"schema":{"@context":"https:\/\/schema.org","@graph":[{"@type":"WebPage","@id":"https:\/\/sloop.ro\/en\/produs\/citrus-kick-revigorare-imunitate\/","url":"https:\/\/sloop.ro\/en\/produs\/citrus-kick-revigorare-imunitate\/","name":"Citrus Kick - SLooP","isPartOf":{"@id":"https:\/\/sloop.ro\/#website"},"primaryImageOfPage":{"@id":"https:\/\/sloop.ro\/en\/produs\/citrus-kick-revigorare-imunitate\/#primaryimage"},"image":{"@id":"https:\/\/sloop.ro\/en\/produs\/citrus-kick-revigorare-imunitate\/#primaryimage"},"thumbnailUrl":"https:\/\/sloop.ro\/wp-content\/uploads\/2025\/08\/pachet-3-Ghimbereta-3-Portacus-Pack.webp","datePublished":"2025-08-11T20:37:13+00:00","dateModified":"2025-10-09T10:39:05+00:00","breadcrumb":{"@id":"https:\/\/sloop.ro\/en\/produs\/citrus-kick-revigorare-imunitate\/#breadcrumb"},"inLanguage":"en-US","potentialAction":[{"@type":"ReadAction","target":["https:\/\/sloop.ro\/en\/produs\/citrus-kick-revigorare-imunitate\/"]}]},{"@type":"ImageObject","inLanguage":"en-US","@id":"https:\/\/sloop.ro\/en\/produs\/citrus-kick-revigorare-imunitate\/#primaryimage","url":"https:\/\/sloop.ro\/wp-content\/uploads\/2025\/08\/pachet-3-Ghimbereta-3-Portacus-Pack.webp","contentUrl":"https:\/\/sloop.ro\/wp-content\/uploads\/2025\/08\/pachet-3-Ghimbereta-3-Portacus-Pack.webp","width":801,"height":721},{"@type":"BreadcrumbList","@id":"https:\/\/sloop.ro\/en\/produs\/citrus-kick-revigorare-imunitate\/#breadcrumb","itemListElement":[{"@type":"ListItem","position":1,"name":"Home","item":"https:\/\/sloop.ro\/lets-power-play-teaser\/"},{"@type":"ListItem","position":2,"name":"Shop","item":"https:\/\/sloop.ro\/shop\/"},{"@type":"ListItem","position":3,"name":"Citrus Kick"}]},{"@type":"WebSite","@id":"https:\/\/sloop.ro\/#website","url":"https:\/\/sloop.ro\/","name":"SLooP","description":"Sloop your style","publisher":{"@id":"https:\/\/sloop.ro\/#organization"},"potentialAction":[{"@type":"SearchAction","target":{"@type":"EntryPoint","urlTemplate":"https:\/\/sloop.ro\/?s={search_term_string}"},"query-input":{"@type":"PropertyValueSpecification","valueRequired":true,"valueName":"search_term_string"}}],"inLanguage":"en-US"},{"@type":"Organization","@id":"https:\/\/sloop.ro\/#organization","name":"SLooP","url":"https:\/\/sloop.ro\/","logo":{"@type":"ImageObject","inLanguage":"en-US","@id":"https:\/\/sloop.ro\/#\/schema\/logo\/image\/","url":"https:\/\/sloop.ro\/wp-content\/uploads\/2025\/05\/SLooP-Negru.png","contentUrl":"https:\/\/sloop.ro\/wp-content\/uploads\/2025\/05\/SLooP-Negru.png","width":1132,"height":346,"caption":"SLooP"},"image":{"@id":"https:\/\/sloop.ro\/#\/schema\/logo\/image\/"}}]}},"_links":{"self":[{"href":"https:\/\/sloop.ro\/en\/wp-json\/wp\/v2\/product\/23611","targetHints":{"allow":["GET"]}}],"collection":[{"href":"https:\/\/sloop.ro\/en\/wp-json\/wp\/v2\/product"}],"about":[{"href":"https:\/\/sloop.ro\/en\/wp-json\/wp\/v2\/types\/product"}],"wp:featuredmedia":[{"embeddable":true,"href":"https:\/\/sloop.ro\/en\/wp-json\/wp\/v2\/media\/23552"}],"wp:attachment":[{"href":"https:\/\/sloop.ro\/en\/wp-json\/wp\/v2\/media?parent=23611"}],"wp:term":[{"taxonomy":"product_brand","embeddable":true,"href":"https:\/\/sloop.ro\/en\/wp-json\/wp\/v2\/product_brand?post=23611"},{"taxonomy":"product_cat","embeddable":true,"href":"https:\/\/sloop.ro\/en\/wp-json\/wp\/v2\/product_cat?post=23611"},{"taxonomy":"product_tag","embeddable":true,"href":"https:\/\/sloop.ro\/en\/wp-json\/wp\/v2\/product_tag?post=23611"},{"taxonomy":"ingredients","embeddable":true,"href":"https:\/\/sloop.ro\/en\/wp-json\/wp\/v2\/ingredients?post=23611"}],"curies":[{"name":"wp","href":"https:\/\/api.w.org\/{rel}","templated":true}]}}