{"id":23624,"date":"2025-08-11T23:00:14","date_gmt":"2025-08-11T20:00:14","guid":{"rendered":"https:\/\/sloop.ro\/produs\/6-x-green-glow-250ml\/"},"modified":"2025-08-28T16:44:25","modified_gmt":"2025-08-28T13:44:25","slug":"6-x-green-glow-250ml","status":"publish","type":"product","link":"https:\/\/sloop.ro\/en\/produs\/6-x-green-glow-250ml\/","title":{"rendered":"6 x Green Glow 250ml"},"content":{"rendered":"<p>Smoothie SlooP Up Green Glow este un amestec energizant de mango, spanac, spirulina verde, banana si mar, cu un gust proaspat, usor dulce si perfect echilibrat. Fara zahar adaugat, fara conservanti \u2013 doar ingrediente naturale, presate la rece. Cu o textura fina si o aroma tropical-verde revigoranta, Green Glow este alegerea ideala pentru un boost sanatos de vitalitate si un start plin de energie in fiecare zi.<\/p>\n","protected":false},"excerpt":{"rendered":"<p>Smoothie tropical-verde cu mango, spanac \u0219i spirulin\u0103. Gust echilibrat, 100% natural, f\u0103r\u0103 zah\u0103r ad\u0103ugat.<\/p>\n<p>Acest pachet contine: 6 x Green Glow 250ml <\/p>\n","protected":false},"featured_media":23512,"template":"","meta":{"_acf_changed":false},"product_brand":[],"product_cat":[725,729],"product_tag":[701],"ingredients":[],"class_list":{"0":"post-23624","1":"product","2":"type-product","3":"status-publish","4":"has-post-thumbnail","6":"product_cat-smoothie-up-packages","7":"product_cat-smoothie-yum-packages","8":"product_tag-mono","10":"first","11":"instock","12":"sale","13":"shipping-taxable","14":"purchasable","15":"product-type-simple"},"acf":[],"yoast_head":"<!-- This site is optimized with the Yoast SEO plugin v27.4 - https:\/\/yoast.com\/product\/yoast-seo-wordpress\/ -->\n<title>6 x Green Glow 250ml - SLooP<\/title>\n<meta name=\"robots\" content=\"index, follow, max-snippet:-1, max-image-preview:large, max-video-preview:-1\" \/>\n<link rel=\"canonical\" href=\"https:\/\/sloop.ro\/en\/produs\/6-x-green-glow-250ml\/\" \/>\n<meta property=\"og:locale\" content=\"en_US\" \/>\n<meta property=\"og:type\" content=\"article\" \/>\n<meta property=\"og:title\" content=\"6 x Green Glow 250ml - SLooP\" \/>\n<meta property=\"og:description\" content=\"Smoothie tropical-verde cu mango, spanac \u0219i spirulin\u0103. Gust echilibrat, 100% natural, f\u0103r\u0103 zah\u0103r ad\u0103ugat.  Acest pachet contine: 6 x Green Glow 250ml\" \/>\n<meta property=\"og:url\" content=\"https:\/\/sloop.ro\/en\/produs\/6-x-green-glow-250ml\/\" \/>\n<meta property=\"og:site_name\" content=\"SLooP\" \/>\n<meta property=\"article:modified_time\" content=\"2025-08-28T13:44:25+00:00\" \/>\n<meta property=\"og:image\" content=\"https:\/\/sloop.ro\/wp-content\/uploads\/2025\/08\/pachet-Green-GlowPack.webp\" \/>\n\t<meta property=\"og:image:width\" content=\"801\" \/>\n\t<meta property=\"og:image:height\" content=\"721\" \/>\n\t<meta property=\"og:image:type\" content=\"image\/webp\" \/>\n<meta name=\"twitter:card\" content=\"summary_large_image\" \/>\n<meta name=\"twitter:label1\" content=\"Est. reading time\" \/>\n\t<meta name=\"twitter:data1\" content=\"1 minute\" \/>\n<script type=\"application\/ld+json\" class=\"yoast-schema-graph\">{\"@context\":\"https:\\\/\\\/schema.org\",\"@graph\":[{\"@type\":\"WebPage\",\"@id\":\"https:\\\/\\\/sloop.ro\\\/en\\\/produs\\\/6-x-green-glow-250ml\\\/\",\"url\":\"https:\\\/\\\/sloop.ro\\\/en\\\/produs\\\/6-x-green-glow-250ml\\\/\",\"name\":\"6 x Green Glow 250ml - SLooP\",\"isPartOf\":{\"@id\":\"https:\\\/\\\/sloop.ro\\\/#website\"},\"primaryImageOfPage\":{\"@id\":\"https:\\\/\\\/sloop.ro\\\/en\\\/produs\\\/6-x-green-glow-250ml\\\/#primaryimage\"},\"image\":{\"@id\":\"https:\\\/\\\/sloop.ro\\\/en\\\/produs\\\/6-x-green-glow-250ml\\\/#primaryimage\"},\"thumbnailUrl\":\"https:\\\/\\\/sloop.ro\\\/wp-content\\\/uploads\\\/2025\\\/08\\\/pachet-Green-GlowPack.webp\",\"datePublished\":\"2025-08-11T20:00:14+00:00\",\"dateModified\":\"2025-08-28T13:44:25+00:00\",\"breadcrumb\":{\"@id\":\"https:\\\/\\\/sloop.ro\\\/en\\\/produs\\\/6-x-green-glow-250ml\\\/#breadcrumb\"},\"inLanguage\":\"en-US\",\"potentialAction\":[{\"@type\":\"ReadAction\",\"target\":[\"https:\\\/\\\/sloop.ro\\\/en\\\/produs\\\/6-x-green-glow-250ml\\\/\"]}]},{\"@type\":\"ImageObject\",\"inLanguage\":\"en-US\",\"@id\":\"https:\\\/\\\/sloop.ro\\\/en\\\/produs\\\/6-x-green-glow-250ml\\\/#primaryimage\",\"url\":\"https:\\\/\\\/sloop.ro\\\/wp-content\\\/uploads\\\/2025\\\/08\\\/pachet-Green-GlowPack.webp\",\"contentUrl\":\"https:\\\/\\\/sloop.ro\\\/wp-content\\\/uploads\\\/2025\\\/08\\\/pachet-Green-GlowPack.webp\",\"width\":801,\"height\":721},{\"@type\":\"BreadcrumbList\",\"@id\":\"https:\\\/\\\/sloop.ro\\\/en\\\/produs\\\/6-x-green-glow-250ml\\\/#breadcrumb\",\"itemListElement\":[{\"@type\":\"ListItem\",\"position\":1,\"name\":\"Home\",\"item\":\"https:\\\/\\\/sloop.ro\\\/lets-power-play-teaser\\\/\"},{\"@type\":\"ListItem\",\"position\":2,\"name\":\"Shop\",\"item\":\"https:\\\/\\\/sloop.ro\\\/shop\\\/\"},{\"@type\":\"ListItem\",\"position\":3,\"name\":\"6 x Green Glow 250ml\"}]},{\"@type\":\"WebSite\",\"@id\":\"https:\\\/\\\/sloop.ro\\\/#website\",\"url\":\"https:\\\/\\\/sloop.ro\\\/\",\"name\":\"SLooP\",\"description\":\"Sloop your style\",\"publisher\":{\"@id\":\"https:\\\/\\\/sloop.ro\\\/#organization\"},\"potentialAction\":[{\"@type\":\"SearchAction\",\"target\":{\"@type\":\"EntryPoint\",\"urlTemplate\":\"https:\\\/\\\/sloop.ro\\\/?s={search_term_string}\"},\"query-input\":{\"@type\":\"PropertyValueSpecification\",\"valueRequired\":true,\"valueName\":\"search_term_string\"}}],\"inLanguage\":\"en-US\"},{\"@type\":\"Organization\",\"@id\":\"https:\\\/\\\/sloop.ro\\\/#organization\",\"name\":\"SLooP\",\"url\":\"https:\\\/\\\/sloop.ro\\\/\",\"logo\":{\"@type\":\"ImageObject\",\"inLanguage\":\"en-US\",\"@id\":\"https:\\\/\\\/sloop.ro\\\/#\\\/schema\\\/logo\\\/image\\\/\",\"url\":\"https:\\\/\\\/sloop.ro\\\/wp-content\\\/uploads\\\/2025\\\/05\\\/SLooP-Negru.png\",\"contentUrl\":\"https:\\\/\\\/sloop.ro\\\/wp-content\\\/uploads\\\/2025\\\/05\\\/SLooP-Negru.png\",\"width\":1132,\"height\":346,\"caption\":\"SLooP\"},\"image\":{\"@id\":\"https:\\\/\\\/sloop.ro\\\/#\\\/schema\\\/logo\\\/image\\\/\"}}]}<\/script>\n<!-- \/ Yoast SEO plugin. -->","yoast_head_json":{"title":"6 x Green Glow 250ml - SLooP","robots":{"index":"index","follow":"follow","max-snippet":"max-snippet:-1","max-image-preview":"max-image-preview:large","max-video-preview":"max-video-preview:-1"},"canonical":"https:\/\/sloop.ro\/en\/produs\/6-x-green-glow-250ml\/","og_locale":"en_US","og_type":"article","og_title":"6 x Green Glow 250ml - SLooP","og_description":"Smoothie tropical-verde cu mango, spanac \u0219i spirulin\u0103. Gust echilibrat, 100% natural, f\u0103r\u0103 zah\u0103r ad\u0103ugat.  Acest pachet contine: 6 x Green Glow 250ml","og_url":"https:\/\/sloop.ro\/en\/produs\/6-x-green-glow-250ml\/","og_site_name":"SLooP","article_modified_time":"2025-08-28T13:44:25+00:00","og_image":[{"width":801,"height":721,"url":"https:\/\/sloop.ro\/wp-content\/uploads\/2025\/08\/pachet-Green-GlowPack.webp","type":"image\/webp"}],"twitter_card":"summary_large_image","twitter_misc":{"Est. reading time":"1 minute"},"schema":{"@context":"https:\/\/schema.org","@graph":[{"@type":"WebPage","@id":"https:\/\/sloop.ro\/en\/produs\/6-x-green-glow-250ml\/","url":"https:\/\/sloop.ro\/en\/produs\/6-x-green-glow-250ml\/","name":"6 x Green Glow 250ml - SLooP","isPartOf":{"@id":"https:\/\/sloop.ro\/#website"},"primaryImageOfPage":{"@id":"https:\/\/sloop.ro\/en\/produs\/6-x-green-glow-250ml\/#primaryimage"},"image":{"@id":"https:\/\/sloop.ro\/en\/produs\/6-x-green-glow-250ml\/#primaryimage"},"thumbnailUrl":"https:\/\/sloop.ro\/wp-content\/uploads\/2025\/08\/pachet-Green-GlowPack.webp","datePublished":"2025-08-11T20:00:14+00:00","dateModified":"2025-08-28T13:44:25+00:00","breadcrumb":{"@id":"https:\/\/sloop.ro\/en\/produs\/6-x-green-glow-250ml\/#breadcrumb"},"inLanguage":"en-US","potentialAction":[{"@type":"ReadAction","target":["https:\/\/sloop.ro\/en\/produs\/6-x-green-glow-250ml\/"]}]},{"@type":"ImageObject","inLanguage":"en-US","@id":"https:\/\/sloop.ro\/en\/produs\/6-x-green-glow-250ml\/#primaryimage","url":"https:\/\/sloop.ro\/wp-content\/uploads\/2025\/08\/pachet-Green-GlowPack.webp","contentUrl":"https:\/\/sloop.ro\/wp-content\/uploads\/2025\/08\/pachet-Green-GlowPack.webp","width":801,"height":721},{"@type":"BreadcrumbList","@id":"https:\/\/sloop.ro\/en\/produs\/6-x-green-glow-250ml\/#breadcrumb","itemListElement":[{"@type":"ListItem","position":1,"name":"Home","item":"https:\/\/sloop.ro\/lets-power-play-teaser\/"},{"@type":"ListItem","position":2,"name":"Shop","item":"https:\/\/sloop.ro\/shop\/"},{"@type":"ListItem","position":3,"name":"6 x Green Glow 250ml"}]},{"@type":"WebSite","@id":"https:\/\/sloop.ro\/#website","url":"https:\/\/sloop.ro\/","name":"SLooP","description":"Sloop your style","publisher":{"@id":"https:\/\/sloop.ro\/#organization"},"potentialAction":[{"@type":"SearchAction","target":{"@type":"EntryPoint","urlTemplate":"https:\/\/sloop.ro\/?s={search_term_string}"},"query-input":{"@type":"PropertyValueSpecification","valueRequired":true,"valueName":"search_term_string"}}],"inLanguage":"en-US"},{"@type":"Organization","@id":"https:\/\/sloop.ro\/#organization","name":"SLooP","url":"https:\/\/sloop.ro\/","logo":{"@type":"ImageObject","inLanguage":"en-US","@id":"https:\/\/sloop.ro\/#\/schema\/logo\/image\/","url":"https:\/\/sloop.ro\/wp-content\/uploads\/2025\/05\/SLooP-Negru.png","contentUrl":"https:\/\/sloop.ro\/wp-content\/uploads\/2025\/05\/SLooP-Negru.png","width":1132,"height":346,"caption":"SLooP"},"image":{"@id":"https:\/\/sloop.ro\/#\/schema\/logo\/image\/"}}]}},"_links":{"self":[{"href":"https:\/\/sloop.ro\/en\/wp-json\/wp\/v2\/product\/23624","targetHints":{"allow":["GET"]}}],"collection":[{"href":"https:\/\/sloop.ro\/en\/wp-json\/wp\/v2\/product"}],"about":[{"href":"https:\/\/sloop.ro\/en\/wp-json\/wp\/v2\/types\/product"}],"wp:featuredmedia":[{"embeddable":true,"href":"https:\/\/sloop.ro\/en\/wp-json\/wp\/v2\/media\/23512"}],"wp:attachment":[{"href":"https:\/\/sloop.ro\/en\/wp-json\/wp\/v2\/media?parent=23624"}],"wp:term":[{"taxonomy":"product_brand","embeddable":true,"href":"https:\/\/sloop.ro\/en\/wp-json\/wp\/v2\/product_brand?post=23624"},{"taxonomy":"product_cat","embeddable":true,"href":"https:\/\/sloop.ro\/en\/wp-json\/wp\/v2\/product_cat?post=23624"},{"taxonomy":"product_tag","embeddable":true,"href":"https:\/\/sloop.ro\/en\/wp-json\/wp\/v2\/product_tag?post=23624"},{"taxonomy":"ingredients","embeddable":true,"href":"https:\/\/sloop.ro\/en\/wp-json\/wp\/v2\/ingredients?post=23624"}],"curies":[{"name":"wp","href":"https:\/\/api.w.org\/{rel}","templated":true}]}}